{"id":4268,"date":"2023-12-27T13:37:41","date_gmt":"2023-12-27T13:37:41","guid":{"rendered":"https:\/\/118studio.es\/newsite\/?page_id=4268"},"modified":"2025-07-07T11:06:21","modified_gmt":"2025-07-07T11:06:21","slug":"prensa","status":"publish","type":"page","link":"https:\/\/118studio.es\/en\/prensa\/","title":{"rendered":"PRESS"},"content":{"rendered":"<div data-elementor-type=\"wp-page\" data-elementor-id=\"4268\" class=\"elementor elementor-4268\" data-elementor-post-type=\"page\">\n\t\t\t\t<div class=\"elementor-element elementor-element-ef9198f e-flex e-con-boxed e-con e-parent\" data-id=\"ef9198f\" data-element_type=\"container\">\n\t\t\t\t\t<div class=\"e-con-inner\">\n\t\t\t\t<div class=\"elementor-element elementor-element-e911bee elementor-widget elementor-widget-heading\" data-id=\"e911bee\" data-element_type=\"widget\" data-widget_type=\"heading.default\">\n\t\t\t\t<div class=\"elementor-widget-container\">\n\t\t\t\t\t<h1 class=\"elementor-heading-title elementor-size-default\">PRESS<\/h1>\t\t\t\t<\/div>\n\t\t\t\t<\/div>\n\t\t\t\t\t<\/div>\n\t\t\t\t<\/div>\n\t\t<div class=\"elementor-element elementor-element-fe841cc e-flex e-con-boxed e-con e-parent\" data-id=\"fe841cc\" data-element_type=\"container\">\n\t\t\t\t\t<div class=\"e-con-inner\">\n\t\t\t\t<div class=\"elementor-element elementor-element-8c6cbc0 elementor-widget elementor-widget-spacer\" data-id=\"8c6cbc0\" data-element_type=\"widget\" data-widget_type=\"spacer.default\">\n\t\t\t\t<div class=\"elementor-widget-container\">\n\t\t\t\t\t\t\t<div class=\"elementor-spacer\">\n\t\t\t<div class=\"elementor-spacer-inner\"><\/div>\n\t\t<\/div>\n\t\t\t\t\t\t<\/div>\n\t\t\t\t<\/div>\n\t\t\t\t\t<\/div>\n\t\t\t\t<\/div>\n\t\t<div class=\"elementor-element elementor-element-6dfd432 e-flex e-con-boxed e-con e-parent\" data-id=\"6dfd432\" data-element_type=\"container\">\n\t\t\t\t\t<div class=\"e-con-inner\">\n\t\t<div class=\"elementor-element elementor-element-d425bc6 e-con-full e-flex e-con e-child\" data-id=\"d425bc6\" data-element_type=\"container\">\n\t\t\t\t<div class=\"elementor-element elementor-element-dfda653 elementor-widget elementor-widget-heading\" data-id=\"dfda653\" data-element_type=\"widget\" data-widget_type=\"heading.default\">\n\t\t\t\t<div class=\"elementor-widget-container\">\n\t\t\t\t\t<h1 class=\"elementor-heading-title elementor-size-default\">2024<\/h1>\t\t\t\t<\/div>\n\t\t\t\t<\/div>\n\t\t\t\t<div class=\"elementor-element elementor-element-14a498b elementor-widget-mobile__width-initial elementor-widget elementor-widget-text-editor\" data-id=\"14a498b\" data-element_type=\"widget\" data-widget_type=\"text-editor.default\">\n\t\t\t\t<div class=\"elementor-widget-container\">\n\t\t\t\t\t\t\t\t\t<p><a href=\"https:\/\/www.interempresas.net\/Construccion\/Articulos\/582638-118-Studio-reforma-Harbour-Club-Marina-del-Puerto-Tarragona-diseno-lleno-tradicion.html\">Intercompany, Harbour Club PortTarraco &gt;<\/a><\/p><p><a href=\"https:\/\/grupovia.net\/noticias\/118-studio-reforma-harbour-club-tarragona-diseno\/\">GupoV\u00eda, Harbour Club refurbishment in La Marina de Tarragona &gt;<\/a><\/p><p><a href=\"https:\/\/www.wecontractbcn.com\/es\/noticias\/39-noticias-wecontractbcn\/952-bespoke-space-experiences-con-118-studio\"><strong>We Contract<\/strong>, Bespoke Spaces &amp; Experiences - Pedro Ferruz &gt;<\/a><\/p><p><a href=\"https:\/\/proyectocontract.es\/wp-content\/uploads\/2024\/10\/_208PCONTRAC.pdf\">Contract Project, Nick Club Padel Barcelona (Page 18) &gt;<\/a><\/p><p><a href=\"https:\/\/www.viaconstruccion.com\/118-studio-transforma-el-nick-club-padel-barcelona\/\">Via Construction, refurbishment Nick Club Padel Barcelona &gt;<\/a><\/p><p><a href=\"https:\/\/nanarquitectura.com\/2024\/08\/29\/reforma-nick-club-padel\/37916?utm_campaign=%5BNAN%5D%20%5B2024%5D%20Newsletter&amp;utm_medium=email&amp;_hsenc=p2ANqtz-8L7daNPlPNpdg4Gjsp_-qXTbeFhLyrz1OAkatpzpuxkd1BN40DdCUnQTNeQibLval6p0TdWvg3TeQ2vyKJNM9Etj-dro6GNfXNYtqmrI_SU4c6hoc&amp;_hsmi=94270014&amp;utm_content=94270014&amp;utm_source=hs_email\">NAN Arquitectura, transformation Nick Club Padel Barcelona &gt;<\/a><\/p><p><a href=\"https:\/\/www.ecoconstruccion.net\/noticias\/118-studio-disena-el-interiorismo-de-un-edificio-de-oficinas-en-pleno-corazon-de-madr-I4Q51\">Ecoconstrucci\u00f3n, Building Interior Design Grupo Henneo Madrid &gt;<\/a><\/p><p><a href=\"https:\/\/www.imcb.info\/noticia\/27004\/henneo-se-pone-en-manos-de-118-studio-para-renovar-sus-oficinas-de-mad.html\">IM Cocinas y Ba\u00f1os, Henneo renews its offices in Madrid &gt;<\/a><\/p><p><a href=\"https:\/\/www.interempresas.net\/Construccion\/Articulos\/537944-118-Studio-disena-el-interiorismo-de-un-edificio-de-oficinas-en-pleno-corazon-de-Madrid.html\">Interempresas, Henneo Group's Building Interior Design in Madrid &gt;<\/a><\/p><p><a href=\"https:\/\/interioresminimalistas.com\/2024\/01\/18\/nuevas-oficinas-de-henneo-en-madrid-118-studio\/\">New Henneo Offices in Madrid &gt;<\/a><\/p>\t\t\t\t\t\t\t\t<\/div>\n\t\t\t\t<\/div>\n\t\t\t\t<\/div>\n\t\t<div class=\"elementor-element elementor-element-a4dfda3 e-con-full e-flex e-con e-child\" data-id=\"a4dfda3\" data-element_type=\"container\">\n\t\t\t\t<div class=\"elementor-element elementor-element-6eecc1c elementor-widget elementor-widget-heading\" data-id=\"6eecc1c\" data-element_type=\"widget\" data-widget_type=\"heading.default\">\n\t\t\t\t<div class=\"elementor-widget-container\">\n\t\t\t\t\t<h1 class=\"elementor-heading-title elementor-size-default\">2023<\/h1>\t\t\t\t<\/div>\n\t\t\t\t<\/div>\n\t\t\t\t<div class=\"elementor-element elementor-element-b253d6d elementor-widget elementor-widget-text-editor\" data-id=\"b253d6d\" data-element_type=\"widget\" data-widget_type=\"text-editor.default\">\n\t\t\t\t<div class=\"elementor-widget-container\">\n\t\t\t\t\t\t\t\t\t<p><a href=\"https:\/\/www.proyectocontract.es\/118-studio-2\/\">Contract Project, Interview &gt;<\/a><\/p><p><a href=\"https:\/\/www.tureforma.org\/118-studio-redefine-el-diseno-de-su-nuevo-estudio-y-showroom\/\">Your Reformation, Office 118 Studio, 2023 &gt;<\/a><\/p><p><a href=\"https:\/\/www.interempresas.net\/Construccion\/Articulos\/497214-118-Studio-redefine-el-diseno-de-su-nuevo-estudio-y-showroom.html\">Intercompany, Office 118 Studio, 2023 &gt;<\/a><\/p><p><a href=\"https:\/\/grupovia.net\/noticias\/118studio-diseno-estudio-showroom\/\">Via Group, Office 118 Studio, 2023 &gt;<\/a><\/p><p><a href=\"https:\/\/www.elperiodicodelazulejo.es\/diseno\/118-studio-reescribe-su-estudio-y-showroom-en-barcelona-BX1635461\">El Peri\u00f3dico Del Azulejo, Office 118 Studio, 2023 &gt;<\/a><\/p><p><a href=\"https:\/\/equipamientohostelero.com\/118-studio-redefine-el-diseno-de-su-nuevo-estudio-y-showroom\/?utm_source=mailpoet&amp;utm_medium=email&amp;utm_campaign=newsletter-equipamiento-hostelero_1\">Hospitality Equipment, Office 118 Studio, 2023 &gt;<\/a><\/p><p><a href=\"https:\/\/www.imcb.info\/noticia\/26716\/118-studio-transforma-su-estudio-y-showroom-en-un-espacio-diafano-y-m.html\">IM Kitchens &amp; Baths, Office 118 Studio, 2023 &gt;<\/a><\/p><p><a href=\"https:\/\/www.ecoconstruccion.net\/noticias\/118-studio-transforma-de-su-estudio-y-showroom-de-barcelona-zgnm5\">Ecoconstruction, Office 118 Studio, 2023 &gt;<\/a><\/p><p><a href=\"https:\/\/www.viaconstruccion.com\/118-studio-crea-la-sede-de-avisual-en-madrid-un-proyecto-vanguardista-y-de-pelicula\/\">Via Construction, Office 118, 2023 &gt;<\/a><\/p><p><a href=\"https:\/\/www.hicontract.com\/proyecto\/el-chalet-suizo\/\">Hicontract, The Swiss Chalet, 2023 &gt;<\/a><\/p><p><a href=\"https:\/\/www.hicontract.com\/estudio\/118-studio\/\">Hicontract, Office 118 STUDIO, 2023 &gt;<\/a><\/p><p><a href=\"https:\/\/www.imcb.info\/noticia\/26147\/118-studio-hace-su-magia-para-decorar-la-nueva-sede-avisual-cual-plat.html\">IM Kitchens and Bathrooms, AVisual Madrid, 2023 &gt;<\/a><\/p><p><a href=\"https:\/\/noticias.infurma.es\/articulos\/488536-118-Studio-crea-la-sede-de-Avisual-en-Madrid-un-proyecto-vanguardista-y-de-pelicula.html\">Infurma, AVisual in Madrid, 2023 &gt;<\/a><\/p><p><a href=\"https:\/\/www.construnario.com\/notiweb\/58987\/118-studio-da-vida-al-septimo-arte-en-la-creacion-vanguardista-de-la-sede-de-avisual?utm_campaign=&amp;utm_medium=email&amp;utm_source=boletin\">Construnario, AVisual Madrid, 2023 &gt;<\/a><\/p><p><a href=\"https:\/\/www.interempresas.net\/banyo\/Articulos\/488536-118-Studio-crea-la-sede-de-Avisual-en-Madrid-un-proyecto-vanguardista-y-de-pelicula.html\">Intercompanies, AVisual Madrid, 2023 &gt;<\/a><\/p><p><a href=\"https:\/\/www.interempresas.net\/Construccion\/Articulos\/486254-Entrevista-a-Montserrat-Cordova-jefa-de-diseno-de-118-Studio.html\">Intercompany, Montserrat C\u00f3rdova interview of Social Equipment, 2023 &gt;<\/a><\/p><p><a href=\"https:\/\/distritooficina.com\/espacios\/gct-arquitectes-118-studio\/\">Office District, Sant Agust\u00ed Convent, Barcelona Activa, 2023 &gt;<\/a><\/p><p><a href=\"https:\/\/www.irehabitae.es\/118-studio-disena-la-ampliacion-del-nuevo-espacio-dethe-slow-beauty-shop-en-barcelona\/\">Irehabitae, Slow Beauty Shop, Barcelona, 2023&gt;&gt;<\/a><\/p><p><a href=\"https:\/\/www.tureforma.org\/118-studio-disena-el-nuevo-espacio-de-the-slow-beauty-shop-clinic-spa\/\">Your Reformation, The Slow Beauty Shop Clinic &amp; Spa, 2023 &gt;<\/a><\/p><p><a href=\"https:\/\/cubinya.es\/es\/sobre-cubinya\/post\/centre-civic-convent-de-sant-agusti.html?page_type=post\">Centre C\u00edvic Convent de Sant Agust\u00ed - Cubi\u00f1a, 2023 &gt;<\/a><\/p><p><a href=\"https:\/\/www.urbantime.it\/en\/terrazza-gruppo-henneo-madrid\/\">Urbantime, Henneo Terrace Group - Madrid, 2023 &gt;<\/a><\/p><p><a href=\"https:\/\/hiretail.es\/fashion\/118-studio-disena-la-ampliacion-de-the-slow-beauty-shop-clinic-spa\/\">Hi Retail, The Slow Beauty Shop Clinic &amp; Spa, 2023 &gt;<\/a><\/p><p><a href=\"https:\/\/archello.com\/es\/project\/henneo-terrace\">Archello, Henneo Terrace, 2023 &gt;<\/a><\/p><p>\u00a0<\/p>\t\t\t\t\t\t\t\t<\/div>\n\t\t\t\t<\/div>\n\t\t\t\t<\/div>\n\t\t\t\t\t<\/div>\n\t\t\t\t<\/div>\n\t\t<div class=\"elementor-element elementor-element-6dc6ed8 e-flex e-con-boxed e-con e-parent\" data-id=\"6dc6ed8\" data-element_type=\"container\">\n\t\t\t\t\t<div class=\"e-con-inner\">\n\t\t<div class=\"elementor-element elementor-element-b08b0b2 e-con-full e-flex e-con e-child\" data-id=\"b08b0b2\" data-element_type=\"container\">\n\t\t\t\t<div class=\"elementor-element elementor-element-051a4bb elementor-widget elementor-widget-heading\" data-id=\"051a4bb\" data-element_type=\"widget\" data-widget_type=\"heading.default\">\n\t\t\t\t<div class=\"elementor-widget-container\">\n\t\t\t\t\t<h1 class=\"elementor-heading-title elementor-size-default\">2022<\/h1>\t\t\t\t<\/div>\n\t\t\t\t<\/div>\n\t\t\t\t<div class=\"elementor-element elementor-element-b7691e7 elementor-widget elementor-widget-text-editor\" data-id=\"b7691e7\" data-element_type=\"widget\" data-widget_type=\"text-editor.default\">\n\t\t\t\t<div class=\"elementor-widget-container\">\n\t\t\t\t\t\t\t\t\t<p><a href=\"https:\/\/www.experimenta.es\/noticias\/interiorismo\/118-studio-convierte-un-antiguo-convento-en-un-centro-de-orientacion-juvenil\/\">Experimenta - Convent Sant Agust\u00ed , Barcelona Activa, 2022 &gt;<\/a><\/p><p><a href=\"https:\/\/www.viaconstruccion.com\/118-studio-convierte-el-antiguo-convento-de-san-agustin-en-un-centro-de-orientacion-juvenil\/\">Via Construction, Convent Sant Agust\u00ed , Barcelona Activa, 2022 &gt;<\/a><\/p><p><a href=\"https:\/\/www.interempresas.net\/Decoracion-interiorismo\/Articulos\/407643-118-Studio-convierte-antiguo-convento-de-San-Agustin-en-centro-de-orientacion-juvenil.html\">Intercompanies, Convent Sant Agust\u00ed , Barcelona Activa, 2022 &gt;<\/a><\/p><p><a href=\"https:\/\/equipamientohostelero.com\/118-studio-convierte-el-convento-de-san-agustin-en-un-centro-de-orientacion-juvenil\/?utm_source=mailpoet&amp;utm_medium=email&amp;utm_campaign=newsletter-equipamiento-hostelero_1\">Hospitality Equipment, Convent Sant Agust\u00ed , Barcelona Activa, 2022 &gt;<\/a><\/p><p><a href=\"http:\/\/www.tureforma.org\/el-antiguo-convento-de-san-agustin-de-barcelona-se-convierte-en-un-centro-de-orientacion-juvenil\/\">Your Reform, Convent Sant Agust\u00ed , Barcelona Activa, 2022 &gt;<\/a><\/p><p><a href=\"https:\/\/arqdeco.org\/el-convento-de-san-agustin-de-barcelona-se-convierte-en-un-centro-de-orientacion-juvenil\/\">ARQ\/DECO, Convent Sant Agust\u00ed , Barcelona Activa, 2022 &gt;<\/a><\/p><p><a href=\"http:\/\/118 Studio convierte el antiguo Convento de Sant Agust\u00ed Vell en un centro de orientaci\u00f3n juvenil - Con un dise\u00f1o contempor\u00e1neo y atractivo, es un punto de referencia para emprendedores impulsado por el Ayuntamiento de Barcelona\">Construnario, Convent Sant Agust\u00ed, Barcelona Activa, 2022 &gt;<\/a><\/p><p><a href=\"https:\/\/www.imcb.info\/noticia\/24174\/118-studio-transforma-un-antiguo-convento-en-un-centro-de-orientacion.html\">IM Kitchens and Bathrooms, Convent Sant Agust\u00ed , Barcelona Activa, 2022 &gt;<\/a><\/p><p><a href=\"https:\/\/www.ecoconstruccion.net\/articulos-online\/118-studio-convierte-el-antiguo-convento-de-san-agustin-en-un-centro-de-orientacion-j-3tP8s\">Ecoconstruction, Convent Sant Agust\u00ed , Barcelona Activa, 2022 &gt;<\/a><\/p><p><a href=\"https:\/\/moovemag.com\/2022\/10\/118-studio-convierte-el-antiguo-convento-de-san-agustin-en-un-centro-para-emprendedores\/\">Moove Magazine, Convent Sant Agust\u00ed , Barcelona Activa, 2022 &gt;<\/a><\/p><p><a href=\"https:\/\/www.dparquitectura.es\/noticias\/20221020\/nuevo-espacio-jovenes-emprendedores#.Y1ESbuxBz1J\">DPA Architecture, Convent Sant Agust\u00ed , Barcelona Activa, 2022 &gt;<\/a><\/p>\t\t\t\t\t\t\t\t<\/div>\n\t\t\t\t<\/div>\n\t\t\t\t<\/div>\n\t\t<div class=\"elementor-element elementor-element-6febf1b e-con-full e-flex e-con e-child\" data-id=\"6febf1b\" data-element_type=\"container\">\n\t\t\t\t<div class=\"elementor-element elementor-element-13fec0f elementor-widget elementor-widget-heading\" data-id=\"13fec0f\" data-element_type=\"widget\" data-widget_type=\"heading.default\">\n\t\t\t\t<div class=\"elementor-widget-container\">\n\t\t\t\t\t<h1 class=\"elementor-heading-title elementor-size-default\">2021<\/h1>\t\t\t\t<\/div>\n\t\t\t\t<\/div>\n\t\t\t\t<div class=\"elementor-element elementor-element-3036033 elementor-widget elementor-widget-text-editor\" data-id=\"3036033\" data-element_type=\"widget\" data-widget_type=\"text-editor.default\">\n\t\t\t\t<div class=\"elementor-widget-container\">\n\t\t\t\t\t\t\t\t\t<p><a href=\"https:\/\/fos.systems\/empanada-club-estrena-imagen-gracias-a-118-studio\/\">Fos Systems, Empanada Club &gt;<\/a><\/p><p><a href=\"https:\/\/gastronomiaymoda.com\/118-studio-crea-la-nueva-imagen-de-las-tiendas-empanada-club-bajo-un-estilo-vintage\/\">Gastronomy and Fashion, Empanada Club &gt;<\/a><\/p><p><a href=\"https:\/\/equipamientohostelero.com\/118-studio-crea-la-nueva-imagen-de-las-tiendas-empanada-club-con-un-estilo-vintage\/\">Catering Equipment, Empanada Club &gt;<\/a><\/p><p><a href=\"https:\/\/www.imcb.info\/noticia\/22115\/118-studio-renueva-la-imagen-de-las-tiendas-empanada-club.html?sus=Email&amp;utm_source=news_2021-11-29&amp;utm_medium=IMCB&amp;utm_campaign=tendencias\">IM Kitchens and Baths, Empanada Club &gt;<\/a><br \/><a href=\"https:\/\/revistaestilopropio.com\/obra\/118-studio-disena-la-nueva-imagen-del-hotel-hc-en-mollet-del-valles\/\">Estilo Propio Magazine, Empanada Club &gt;<\/a><\/p><p><a href=\"https:\/\/www.imcb.info\/noticia\/21768\/cibernarium-luce-con-un-distinguido-aspecto-gracias-a-118-studio.html?sus=Email&amp;utm_source=news_2021-10-07&amp;utm_medium=IMCB&amp;utm_campaign=\">IM Kitchens and Baths, Empanada Club &gt;<\/a><\/p><p><a href=\"http:\/\/www.viaconstruccion.com\/118-studio-disena-la-nueva-imagen-del-cibernarium-de-barcelona\/\">Via Construction, Cibern\u00e0rium de Barcelona &gt;<\/a><\/p><p><a href=\"https:\/\/www.distritooficina.com\/espacios\/118-studio-cibernarium\/\">Office District, Cibern\u00e0rium Barcelona Activa &gt;<\/a><\/p><p><a href=\"https:\/\/revistaestilopropio.com\/obra\/118-studio-disena-la-nueva-imagen-del-hotel-hc-en-mollet-del-valles\/\">Estilo Propio Magazine, Hotel HC in Mollet del Vall\u00e9s &gt;<\/a><\/p><p><a href=\"https:\/\/revistaestilopropio.com\/profesional\/118-studio\/\">Own Style, 118 Studio &gt;<\/a><\/p><p><a href=\"https:\/\/www.construnario.com\/notiweb\/55010\/118-studio-se-encarga-de-la-nueva-imagen-del-cibernarium-de-barcelona\">Construnario, Cibern\u00e0rium Barcelona Activa &gt;<\/a><\/p><p><a href=\"https:\/\/www.imcb.info\/noticia\/21768\/cibernarium-luce-con-un-distinguido-aspecto-gracias-a-118-studio.html?sus=Email&amp;utm_source=news_2021-10-07&amp;utm_medium=IMCB&amp;utm_campaign=\">IM Kitchens and Bathrooms, Cibern\u00e0rium &gt;<\/a><\/p><p><a href=\"https:\/\/noticias.infurma.es\/articulos\/368931-118-Studio-disena-la-nueva-imagen-del-Cibernarium-de-Barcelona.html\">Infurma, Cibern\u00e0rium &gt;<\/a><\/p><p><a href=\"https:\/\/www.interempresas.net\/Rehabilitacion\/Articulos\/368759-118-Studio-disena-la-nueva-imagen-del-Cibernarium-de-Barcelona.html\">Intercompanies, Cibern\u00e0rium &gt;<\/a><\/p><p><a href=\"https:\/\/noticias.infurma.es\/contract\/118-studio-disena-la-nueva-terraza-de-la-concept-fashion-store-marfranc-en-la-costa-brava\/77077\">Infurma, Concept Fashion Store &gt;<\/a><\/p><p><a href=\"http:\/\/www.tureforma.org\/118-studio-proyecta-el-interiorismo-de-la-tienda-the-slow-beauty-shop\/\">Your Reformation, Concept Fashion Store &gt;<\/a><\/p>\t\t\t\t\t\t\t\t<\/div>\n\t\t\t\t<\/div>\n\t\t\t\t<\/div>\n\t\t\t\t\t<\/div>\n\t\t\t\t<\/div>\n\t\t<div class=\"elementor-element elementor-element-c6b384b e-flex e-con-boxed e-con e-parent\" data-id=\"c6b384b\" data-element_type=\"container\">\n\t\t\t\t\t<div class=\"e-con-inner\">\n\t\t\t\t<div class=\"elementor-element elementor-element-7bbd1c1 elementor-widget elementor-widget-spacer\" data-id=\"7bbd1c1\" data-element_type=\"widget\" data-widget_type=\"spacer.default\">\n\t\t\t\t<div class=\"elementor-widget-container\">\n\t\t\t\t\t\t\t<div class=\"elementor-spacer\">\n\t\t\t<div class=\"elementor-spacer-inner\"><\/div>\n\t\t<\/div>\n\t\t\t\t\t\t<\/div>\n\t\t\t\t<\/div>\n\t\t\t\t\t<\/div>\n\t\t\t\t<\/div>\n\t\t\t\t<\/div>","protected":false},"excerpt":{"rendered":"<p>PRESS 2024 Intercompanies, Harbour Club PortTarraco &gt; GupoV\u00eda, Harbour Club refurbishment in La Marina de Tarragona &gt; We Contract, Bespoke Spaces &amp; Experiences - Pedro Ferruz &gt; Contract Project, Nick Club Padel Barcelona (Page 18) &gt; Via Contrucci\u00f3n, refurbishment of Nick Club [...]<\/p>","protected":false},"author":1,"featured_media":0,"parent":0,"menu_order":0,"comment_status":"closed","ping_status":"closed","template":"","meta":{"footnotes":""},"class_list":["post-4268","page","type-page","status-publish","hentry"],"yoast_head":"<!-- This site is optimized with the Yoast SEO plugin v24.7 - https:\/\/yoast.com\/wordpress\/plugins\/seo\/ -->\n<title>PRENSA - 118 Studio<\/title>\n<meta name=\"robots\" content=\"index, follow, max-snippet:-1, max-image-preview:large, max-video-preview:-1\" \/>\n<link rel=\"canonical\" href=\"https:\/\/118studio.es\/en\/prensa\/\" \/>\n<meta property=\"og:locale\" content=\"en_US\" \/>\n<meta property=\"og:type\" content=\"article\" \/>\n<meta property=\"og:title\" content=\"PRENSA - 118 Studio\" \/>\n<meta property=\"og:description\" content=\"PRENSA 2024 Interempresas, Harbour Club PortTarraco &gt; GupoV\u00eda, reforma Harbour Club en La Marina de Tarragona &gt; We Contract, Bespoke Spaces &amp; Experiences &#8211; Pedro Ferruz &gt; Proyecto Contract, Nick Club Padel Barcelona (Pag 18) &gt; Via Contrucci\u00f3n, reforma Nick [&hellip;]\" \/>\n<meta property=\"og:url\" content=\"https:\/\/118studio.es\/en\/prensa\/\" \/>\n<meta property=\"og:site_name\" content=\"118 Studio\" \/>\n<meta property=\"article:modified_time\" content=\"2025-07-07T11:06:21+00:00\" \/>\n<meta name=\"twitter:card\" content=\"summary_large_image\" \/>\n<meta name=\"twitter:label1\" content=\"Est. reading time\" \/>\n\t<meta name=\"twitter:data1\" content=\"2 minutes\" \/>\n<script type=\"application\/ld+json\" class=\"yoast-schema-graph\">{\"@context\":\"https:\/\/schema.org\",\"@graph\":[{\"@type\":\"WebPage\",\"@id\":\"https:\/\/118studio.es\/prensa\/\",\"url\":\"https:\/\/118studio.es\/prensa\/\",\"name\":\"PRENSA - 118 Studio\",\"isPartOf\":{\"@id\":\"https:\/\/118studio.es\/#website\"},\"datePublished\":\"2023-12-27T13:37:41+00:00\",\"dateModified\":\"2025-07-07T11:06:21+00:00\",\"breadcrumb\":{\"@id\":\"https:\/\/118studio.es\/prensa\/#breadcrumb\"},\"inLanguage\":\"en-US\",\"potentialAction\":[{\"@type\":\"ReadAction\",\"target\":[\"https:\/\/118studio.es\/prensa\/\"]}]},{\"@type\":\"BreadcrumbList\",\"@id\":\"https:\/\/118studio.es\/prensa\/#breadcrumb\",\"itemListElement\":[{\"@type\":\"ListItem\",\"position\":1,\"name\":\"Portada\",\"item\":\"https:\/\/118studio.es\/\"},{\"@type\":\"ListItem\",\"position\":2,\"name\":\"PRENSA\"}]},{\"@type\":\"WebSite\",\"@id\":\"https:\/\/118studio.es\/#website\",\"url\":\"https:\/\/118studio.es\/\",\"name\":\"118 Studio\",\"description\":\"\",\"publisher\":{\"@id\":\"https:\/\/118studio.es\/#organization\"},\"potentialAction\":[{\"@type\":\"SearchAction\",\"target\":{\"@type\":\"EntryPoint\",\"urlTemplate\":\"https:\/\/118studio.es\/?s={search_term_string}\"},\"query-input\":{\"@type\":\"PropertyValueSpecification\",\"valueRequired\":true,\"valueName\":\"search_term_string\"}}],\"inLanguage\":\"en-US\"},{\"@type\":\"Organization\",\"@id\":\"https:\/\/118studio.es\/#organization\",\"name\":\"118 Studio\",\"url\":\"https:\/\/118studio.es\/\",\"logo\":{\"@type\":\"ImageObject\",\"inLanguage\":\"en-US\",\"@id\":\"https:\/\/118studio.es\/#\/schema\/logo\/image\/\",\"url\":\"https:\/\/118studio.es\/wp-content\/uploads\/2024\/01\/LOGO-2.svg\",\"contentUrl\":\"https:\/\/118studio.es\/wp-content\/uploads\/2024\/01\/LOGO-2.svg\",\"caption\":\"118 Studio\"},\"image\":{\"@id\":\"https:\/\/118studio.es\/#\/schema\/logo\/image\/\"}}]}<\/script>\n<!-- \/ Yoast SEO plugin. -->","yoast_head_json":{"title":"PRENSA - 118 Studio","robots":{"index":"index","follow":"follow","max-snippet":"max-snippet:-1","max-image-preview":"max-image-preview:large","max-video-preview":"max-video-preview:-1"},"canonical":"https:\/\/118studio.es\/en\/prensa\/","og_locale":"en_US","og_type":"article","og_title":"PRENSA - 118 Studio","og_description":"PRENSA 2024 Interempresas, Harbour Club PortTarraco &gt; GupoV\u00eda, reforma Harbour Club en La Marina de Tarragona &gt; We Contract, Bespoke Spaces &amp; Experiences &#8211; Pedro Ferruz &gt; Proyecto Contract, Nick Club Padel Barcelona (Pag 18) &gt; Via Contrucci\u00f3n, reforma Nick [&hellip;]","og_url":"https:\/\/118studio.es\/en\/prensa\/","og_site_name":"118 Studio","article_modified_time":"2025-07-07T11:06:21+00:00","twitter_card":"summary_large_image","twitter_misc":{"Est. reading time":"2 minutes"},"schema":{"@context":"https:\/\/schema.org","@graph":[{"@type":"WebPage","@id":"https:\/\/118studio.es\/prensa\/","url":"https:\/\/118studio.es\/prensa\/","name":"PRENSA - 118 Studio","isPartOf":{"@id":"https:\/\/118studio.es\/#website"},"datePublished":"2023-12-27T13:37:41+00:00","dateModified":"2025-07-07T11:06:21+00:00","breadcrumb":{"@id":"https:\/\/118studio.es\/prensa\/#breadcrumb"},"inLanguage":"en-US","potentialAction":[{"@type":"ReadAction","target":["https:\/\/118studio.es\/prensa\/"]}]},{"@type":"BreadcrumbList","@id":"https:\/\/118studio.es\/prensa\/#breadcrumb","itemListElement":[{"@type":"ListItem","position":1,"name":"Portada","item":"https:\/\/118studio.es\/"},{"@type":"ListItem","position":2,"name":"PRENSA"}]},{"@type":"WebSite","@id":"https:\/\/118studio.es\/#website","url":"https:\/\/118studio.es\/","name":"118 Studio","description":"","publisher":{"@id":"https:\/\/118studio.es\/#organization"},"potentialAction":[{"@type":"SearchAction","target":{"@type":"EntryPoint","urlTemplate":"https:\/\/118studio.es\/?s={search_term_string}"},"query-input":{"@type":"PropertyValueSpecification","valueRequired":true,"valueName":"search_term_string"}}],"inLanguage":"en-US"},{"@type":"Organization","@id":"https:\/\/118studio.es\/#organization","name":"118 Studio","url":"https:\/\/118studio.es\/","logo":{"@type":"ImageObject","inLanguage":"en-US","@id":"https:\/\/118studio.es\/#\/schema\/logo\/image\/","url":"https:\/\/118studio.es\/wp-content\/uploads\/2024\/01\/LOGO-2.svg","contentUrl":"https:\/\/118studio.es\/wp-content\/uploads\/2024\/01\/LOGO-2.svg","caption":"118 Studio"},"image":{"@id":"https:\/\/118studio.es\/#\/schema\/logo\/image\/"}}]}},"_links":{"self":[{"href":"https:\/\/118studio.es\/en\/wp-json\/wp\/v2\/pages\/4268","targetHints":{"allow":["GET"]}}],"collection":[{"href":"https:\/\/118studio.es\/en\/wp-json\/wp\/v2\/pages"}],"about":[{"href":"https:\/\/118studio.es\/en\/wp-json\/wp\/v2\/types\/page"}],"author":[{"embeddable":true,"href":"https:\/\/118studio.es\/en\/wp-json\/wp\/v2\/users\/1"}],"replies":[{"embeddable":true,"href":"https:\/\/118studio.es\/en\/wp-json\/wp\/v2\/comments?post=4268"}],"version-history":[{"count":3,"href":"https:\/\/118studio.es\/en\/wp-json\/wp\/v2\/pages\/4268\/revisions"}],"predecessor-version":[{"id":11820,"href":"https:\/\/118studio.es\/en\/wp-json\/wp\/v2\/pages\/4268\/revisions\/11820"}],"wp:attachment":[{"href":"https:\/\/118studio.es\/en\/wp-json\/wp\/v2\/media?parent=4268"}],"curies":[{"name":"wp","href":"https:\/\/api.w.org\/{rel}","templated":true}]}}